{"id":504,"date":"2015-03-02T13:12:12","date_gmt":"2015-03-02T13:12:12","guid":{"rendered":"http:\/\/wp\/enfold-shop\/?page_id=16"},"modified":"2026-04-18T12:21:14","modified_gmt":"2026-04-18T10:21:14","slug":"home","status":"publish","type":"page","link":"https:\/\/legatoriabieffe.it\/site\/it\/home\/","title":{"rendered":"Home"},"content":{"rendered":"<div id='layer_slider_1'  class='avia-layerslider main_color avia-shadow  avia-builder-el-0  el_before_av_icon_box  avia-builder-el-first  container_wrap sidebar_right' style='  height: 551px;' ><\/div><div id='after_layer_slider_1'  class='main_color av_default_container_wrap container_wrap sidebar_right' style=' '  ><div class='container' ><div class='template-page content  av-content-small alpha units'><div class='post-entry post-entry-type-page post-entry-504'><div class='entry-content-wrapper clearfix'>\n<article  class=\"iconbox iconbox_left_content    avia-builder-el-1  el_after_av_layerslider  el_before_av_hr  avia-builder-el-first  \"  itemscope=\"itemscope\" itemtype=\"https:\/\/schema.org\/CreativeWork\" ><div class=\"iconbox_icon heading-color\" aria-hidden='true' data-av_icon='\ue83f' data-av_iconfont='entypo-fontello'  style='background-color:#ffffff; border:1px solid #b02b2c; color:#b02b2c; ' ><\/div><div class=\"iconbox_content\"><header class=\"entry-content-header\"><\/header><div class='iconbox_content_container av_inherit_color '  itemprop=\"text\"   style='color:#b02b2c; '><h3 style=\"text-align: center;\">Tutte le foto, i testi e quant&#8217;altro contenuto nel presente sito sono di esclusiva propriet\u00e0 della Bieffe srl.<br \/>\nSe ne vieta la riproduzione e l&#8217;uso se non su espressa autorizzazione della Bieffe srl.<\/h3>\n<\/div><\/div><footer class=\"entry-footer\"><\/footer><\/article>\n<div   class='hr hr-short hr-center   avia-builder-el-2  el_after_av_icon_box  el_before_av_hr '><span class='hr-inner ' ><span class='hr-inner-style'><\/span><\/span><\/div>\n<div  style='height:20px' class='hr hr-invisible   avia-builder-el-3  el_after_av_hr  el_before_av_one_half '><span class='hr-inner ' ><span class='hr-inner-style'><\/span><\/span><\/div>\n<div class=\"flex_column av_one_half  flex_column_div av-zero-column-padding first  avia-builder-el-4  el_after_av_hr  el_before_av_one_half  \" style='border-radius:0px; '><p><div  style='padding-bottom:10px; ' class='av-special-heading av-special-heading-h3    avia-builder-el-5  el_before_av_icon_box  avia-builder-el-first  '><h3 class='av-special-heading-tag '  itemprop=\"headline\"  >Rispetto delle tradizioni<\/h3><div class='special-heading-border'><div class='special-heading-inner-border' ><\/div><\/div><\/div><br \/>\n<article  class=\"iconbox iconbox_left_content    avia-builder-el-6  el_after_av_heading  avia-builder-el-last  \"  itemscope=\"itemscope\" itemtype=\"https:\/\/schema.org\/CreativeWork\" ><div class=\"iconbox_icon heading-color\" aria-hidden='true' data-av_icon='\ue837' data-av_iconfont='entypo-fontello'  ><\/div><div class=\"iconbox_content\"><header class=\"entry-content-header\"><\/header><div class='iconbox_content_container  '  itemprop=\"text\"  ><blockquote>\n<p>Tutte le creazioni che nascono nei laboratori della Legatoria \u00a0sono animate da un profondo senso di\u00a0<strong>rispetto per le tradizionali tecniche di lavorazione\u00a0<\/strong>delle materie prime!<\/p>\n<p>Qualsiasi imperfezione essi presentino non \u00e8 da considerarsi tale, bens\u00ec una conferma della loro artigianalit\u00e0.<\/p>\n<\/blockquote>\n<\/div><\/div><footer class=\"entry-footer\"><\/footer><\/article><\/p><\/div>\n<div class=\"flex_column av_one_half  flex_column_div av-zero-column-padding   avia-builder-el-7  el_after_av_one_half  el_before_av_section  avia-builder-el-last  \" style='border-radius:0px; '><div  class='avia-icon-list-container   avia-builder-el-8  avia-builder-el-no-sibling '><ul class='avia-icon-list avia-icon-list-left av-iconlist-big avia_animate_when_almost_visible avia-iconlist-animate'>\n<li><div  class='iconlist_icon  avia-font-entypo-fontello'><span class='iconlist-char ' aria-hidden='true' data-av_icon='\ue826' data-av_iconfont='entypo-fontello'><\/span><\/div><article class=\"article-icon-entry \"  itemscope=\"itemscope\" itemtype=\"https:\/\/schema.org\/CreativeWork\" ><div class='iconlist_content_wrap'><header class=\"entry-content-header\"><h4 class='av_iconlist_title iconlist_title   '  itemprop=\"headline\"  >Originalit\u00e0<\/h4><\/header><div class='iconlist_content  '  itemprop=\"text\"  ><p>Prodotti unici realizzati interamente a mano<\/p>\n<\/div><\/div><footer class=\"entry-footer\"><\/footer><\/article><div class='iconlist-timeline'><\/div><\/li>\n<li><div  class='iconlist_icon  avia-font-entypo-fontello'><span class='iconlist-char ' aria-hidden='true' data-av_icon='\ue806' data-av_iconfont='entypo-fontello'><\/span><\/div><article class=\"article-icon-entry \"  itemscope=\"itemscope\" itemtype=\"https:\/\/schema.org\/CreativeWork\" ><div class='iconlist_content_wrap'><header class=\"entry-content-header\"><h4 class='av_iconlist_title iconlist_title   '  itemprop=\"headline\"  >Passione<\/h4><\/header><div class='iconlist_content  '  itemprop=\"text\"  ><p>Ogni prodotto nasce\u00a0dalla creativit\u00e0 dei nostri artigiani<\/p>\n<\/div><\/div><footer class=\"entry-footer\"><\/footer><\/article><div class='iconlist-timeline'><\/div><\/li>\n<li><div  class='iconlist_icon  avia-font-entypo-fontello'><span class='iconlist-char ' aria-hidden='true' data-av_icon='\ue8c0' data-av_iconfont='entypo-fontello'><\/span><\/div><article class=\"article-icon-entry \"  itemscope=\"itemscope\" itemtype=\"https:\/\/schema.org\/CreativeWork\" ><div class='iconlist_content_wrap'><header class=\"entry-content-header\"><h4 class='av_iconlist_title iconlist_title   '  itemprop=\"headline\"  >Eleganza<\/h4><\/header><div class='iconlist_content  '  itemprop=\"text\"  ><p>Prodotti curati nei minimi particolari.<\/p>\n<\/div><\/div><footer class=\"entry-footer\"><\/footer><\/article><div class='iconlist-timeline'><\/div><\/li>\n<\/ul><\/div><\/div>\n<\/div><\/div><\/div><!-- close content main div --><\/div><\/div><div id='av_section_1'  class='avia-section alternate_color avia-section-default avia-no-border-styling  avia-bg-style-scroll  avia-builder-el-9  el_after_av_one_half  el_before_av_section   container_wrap sidebar_right' style=' '  ><div class='container' ><div class='template-page content  av-content-small alpha units'><div class='post-entry post-entry-type-page post-entry-504'><div class='entry-content-wrapper clearfix'>\n<p>Non ci sono prodotti che corrispondono alla vostra selezione.<\/p><div class=\"clear\"><\/div>\n<div  style='padding-bottom:10px; font-size:30px;' class='av-special-heading av-special-heading-h3  blockquote modern-quote modern-centered  avia-builder-el-11  el_after_av_productgrid  el_before_av_productslider  av-inherit-size '><h3 class='av-special-heading-tag '  itemprop=\"headline\"  >I pi\u00f9 venduti<\/h3><div class='special-heading-border'><div class='special-heading-inner-border' ><\/div><\/div><\/div>\n<div   data-autoplay='1'  data-interval='5'  data-animation='fade'  data-hoverpause='1'  class='template-shop avia-content-slider avia-content-slider-active avia-product-slider2 avia-content-slider-even  avia-builder-el-12  el_after_av_heading  avia-builder-el-last   shop_columns_4' ><div class='avia-content-slider-inner'><ul class=\"products slide-entry-wrap\"><li class=\"product type-product post-1109 status-publish first instock product_cat-vintage-notebooks has-post-thumbnail shipping-taxable product-type-simple\">\n\t<div class='inner_product main_color wrapped_style noLightbox  av-product-class-minimal'><div class='thumbnail_container'><img width=\"315\" height=\"450\" src=\"https:\/\/legatoriabieffe.it\/site\/wp-content\/uploads\/2016\/01\/Nero-I-315x450.jpg\" class=\"wp-image-2171 avia-img-lazy-loading-2171 attachment-shop_catalog size-shop_catalog wp-post-image\" alt=\"\" loading=\"lazy\" \/><span class='cart-loading'><\/span><\/div><div class='inner_product_header'><div class='avia-arrow'><\/div><div class='inner_product_header_table'><div class='inner_product_header_cell'><\/div><\/div><\/div><\/div><\/li>\n<li class=\"product type-product post-2288 status-publish instock product_cat-vintage-notebooks has-post-thumbnail shipping-taxable product-type-simple\">\n\t<div class='inner_product main_color wrapped_style noLightbox  av-product-class-minimal'><div class='thumbnail_container'><img width=\"315\" height=\"450\" src=\"https:\/\/legatoriabieffe.it\/site\/wp-content\/uploads\/2026\/04\/Rosso-I-315x450.jpg\" class=\"wp-image-2291 avia-img-lazy-loading-2291 attachment-shop_catalog size-shop_catalog wp-post-image\" alt=\"\" loading=\"lazy\" \/><span class='cart-loading'><\/span><\/div><div class='inner_product_header'><div class='avia-arrow'><\/div><div class='inner_product_header_table'><div class='inner_product_header_cell'><\/div><\/div><\/div><\/div><\/li>\n<li class=\"product type-product post-2298 status-publish instock product_cat-vintage-notebooks has-post-thumbnail shipping-taxable product-type-simple\">\n\t<div class='inner_product main_color wrapped_style noLightbox  av-product-class-minimal'><div class='thumbnail_container'><img width=\"315\" height=\"450\" src=\"https:\/\/legatoriabieffe.it\/site\/wp-content\/uploads\/2026\/04\/Verde-I-315x450.jpg\" class=\"wp-image-2290 avia-img-lazy-loading-2290 attachment-shop_catalog size-shop_catalog wp-post-image\" alt=\"\" loading=\"lazy\" \/><span class='cart-loading'><\/span><\/div><div class='inner_product_header'><div class='avia-arrow'><\/div><div class='inner_product_header_table'><div class='inner_product_header_cell'><\/div><\/div><\/div><\/div><\/li>\n<li class=\"product type-product post-2285 status-publish last instock product_cat-vintage-notebooks has-post-thumbnail shipping-taxable product-type-simple\">\n\t<div class='inner_product main_color wrapped_style noLightbox  av-product-class-minimal'><div class='thumbnail_container'><img width=\"315\" height=\"450\" src=\"https:\/\/legatoriabieffe.it\/site\/wp-content\/uploads\/2026\/04\/Marrone-I-315x450.jpg\" class=\"wp-image-2295 avia-img-lazy-loading-2295 attachment-shop_catalog size-shop_catalog wp-post-image\" alt=\"\" loading=\"lazy\" \/><span class='cart-loading'><\/span><\/div><div class='inner_product_header'><div class='avia-arrow'><\/div><div class='inner_product_header_table'><div class='inner_product_header_cell'><\/div><\/div><\/div><\/div><\/li>\n<\/ul><\/div><\/div><div class=\"clear\"><\/div>\n<\/div><\/div><\/div><!-- close content main div --><\/div><\/div><div id='av_section_2'  class='avia-section alternate_color avia-section-large avia-no-border-styling  avia-bg-style-scroll   container_wrap sidebar_right' style=' '  ><div class='container' ><div class='template-page content  av-content-small alpha units'><div class='post-entry post-entry-type-page post-entry-504'><div class='entry-content-wrapper clearfix'>\n<div class=\"flex_column av_one_full  flex_column_div av-zero-column-padding first  \" style='border-radius:0px; '><article  class=\"iconbox iconbox_left_content    av-icon-style-no-border\"  itemscope=\"itemscope\" itemtype=\"https:\/\/schema.org\/CreativeWork\" ><div class=\"iconbox_icon heading-color\" aria-hidden='true' data-av_icon='\ue8b9' data-av_iconfont='entypo-fontello'  ><\/div><div class=\"iconbox_content\"><header class=\"entry-content-header\"><h3 class='iconbox_content_title  '  itemprop=\"headline\"  >Supporto 24\/7<\/h3><\/header><div class='iconbox_content_container  '  itemprop=\"text\"  ><h3><\/h3>\n<h3>Puoi contattarci per\u00a0avere maggiori informazioni.<\/h3>\n<\/div><\/div><footer class=\"entry-footer\"><\/footer><\/article><\/div>\n<\/div><\/div><\/div><!-- close content main div --><\/div><\/div><div id='after_section_2'  class='main_color av_default_container_wrap container_wrap sidebar_right' style=' '  ><div class='container' ><div class='template-page content  av-content-small alpha units'><div class='post-entry post-entry-type-page post-entry-504'><div class='entry-content-wrapper clearfix'><\/p>\n<\/div><\/div><\/div><!-- close content main div --><\/div><\/div><div id='sign-up'  class='avia-section main_color avia-section-default avia-no-shadow  avia-full-stretch av-parallax-section av-section-color-overlay-active avia-bg-style-parallax   av-minimum-height av-minimum-height-50  container_wrap sidebar_right' style=' '  data-section-bg-repeat='stretch' data-av_minimum_height_pc='50'><div class='av-parallax' data-avia-parallax-ratio='0.3' ><div class='av-parallax-inner main_color  avia-full-stretch' style = 'background-repeat: no-repeat; background-image: url(https:\/\/legatoriabieffe.it\/site\/wp-content\/uploads\/2020\/11\/books-5615562_1920.jpg);background-attachment: scroll; background-position: top center; ' ><\/div><\/div><div class='av-section-color-overlay-wrap'><div class='av-section-color-overlay' style='opacity: 0.7; background-color: #6786a1; '><\/div><div class='container' ><div class='template-page content  av-content-small alpha units'><div class='post-entry post-entry-type-page post-entry-504'><div class='entry-content-wrapper clearfix'>\n<div  style='padding-bottom:10px; color:#ffffff;font-size:30px;' class='av-special-heading av-special-heading-h3 custom-color-heading blockquote modern-quote modern-centered  av-inherit-size '><h3 class='av-special-heading-tag '  itemprop=\"headline\"  >Vuoi restare informato? Inscriviti alla nostra Newsletter<\/h3><div class='special-heading-border'><div class='special-heading-inner-border' style='border-color:#ffffff'><\/div><\/div><\/div>\n<div class=\"flex_column av_one_fifth  flex_column_div first  \" ><\/div><div class=\"flex_column av_three_fifth  flex_column_div av-zero-column-padding   \" style='border-radius:0px; '><form action=\"https:\/\/legatoriabieffe.it\/site\/it\/home\/\" method=\"post\"  class=\"avia_ajax_form av-form-labels-hidden   av-custom-form-color av-light-form \" data-avia-form-id=\"1\" data-avia-redirect='' ><fieldset><p class='  first_form  form_element form_element_third' id='element_avia_1_1'><label for=\"avia_1_1\">Name <abbr class=\"required\" title=\"richiesto\">*<\/abbr><\/label> <input name=\"avia_1_1\" class=\"text_input is_empty\" type=\"text\" id=\"avia_1_1\" value=\"\"  placeholder='Name*'\/><\/p><p class='  form_element form_element_third av-last-visible-form-element' id='element_avia_2_1'><label for=\"avia_2_1\">E-Mail <abbr class=\"required\" title=\"richiesto\">*<\/abbr><\/label> <input name=\"avia_2_1\" class=\"text_input is_email\" type=\"text\" id=\"avia_2_1\" value=\"\"  placeholder='E-Mail*'\/><\/p><p class=\"hidden\"><input type=\"text\" name=\"avia_3_1\" class=\"hidden \" id=\"avia_3_1\" value=\"\" \/><\/p><p class=\"form_element form_element_third modified_width\"><input type=\"hidden\" value=\"1\" name=\"avia_generated_form1\" \/><input type=\"submit\" value=\"Subscribe\" class=\"button\"  data-sending-label=\"Invio\"\/><\/p><\/fieldset><\/form><div id=\"ajaxresponse_1\" class=\"ajaxresponse ajaxresponse_1 hidden\"><\/div><\/div><div class=\"flex_column av_one_fifth  flex_column_div av-zero-column-padding   \" style='border-radius:0px; '><\/div>\n<\/div><\/div><\/div><!-- close content main div --><\/div><\/div><\/div><div id='after_section_3'  class='main_color av_default_container_wrap container_wrap sidebar_right' style=' '  ><div class='container' ><div class='template-page content  av-content-small alpha units'><div class='post-entry post-entry-type-page post-entry-504'><div class='entry-content-wrapper clearfix'>\n","protected":false},"excerpt":{"rendered":"","protected":false},"author":1,"featured_media":0,"parent":0,"menu_order":0,"comment_status":"open","ping_status":"open","template":"","meta":[],"_links":{"self":[{"href":"https:\/\/legatoriabieffe.it\/site\/wp-json\/wp\/v2\/pages\/504"}],"collection":[{"href":"https:\/\/legatoriabieffe.it\/site\/wp-json\/wp\/v2\/pages"}],"about":[{"href":"https:\/\/legatoriabieffe.it\/site\/wp-json\/wp\/v2\/types\/page"}],"author":[{"embeddable":true,"href":"https:\/\/legatoriabieffe.it\/site\/wp-json\/wp\/v2\/users\/1"}],"replies":[{"embeddable":true,"href":"https:\/\/legatoriabieffe.it\/site\/wp-json\/wp\/v2\/comments?post=504"}],"version-history":[{"count":37,"href":"https:\/\/legatoriabieffe.it\/site\/wp-json\/wp\/v2\/pages\/504\/revisions"}],"predecessor-version":[{"id":2350,"href":"https:\/\/legatoriabieffe.it\/site\/wp-json\/wp\/v2\/pages\/504\/revisions\/2350"}],"wp:attachment":[{"href":"https:\/\/legatoriabieffe.it\/site\/wp-json\/wp\/v2\/media?parent=504"}],"curies":[{"name":"wp","href":"https:\/\/api.w.org\/{rel}","templated":true}]}}