{"id":1215,"date":"2016-04-22T09:04:46","date_gmt":"2016-04-22T07:04:46","guid":{"rendered":"http:\/\/nonsoloalbum.com\/site\/?page_id=1215"},"modified":"2018-05-19T09:23:40","modified_gmt":"2018-05-19T07:23:40","slug":"politica-di-privacy","status":"publish","type":"page","link":"https:\/\/legatoriabieffe.it\/site\/it\/politica-di-privacy\/","title":{"rendered":"Politica di privacy"},"content":{"rendered":"<h2 class=\"western\" lang=\"zxx\"><strong><span style=\"color: #535353;\"><span style=\"font-family: Lato;\"><span style=\"font-size: x-large;\"><b>POLITICA DI PRIVACY<\/b><\/span><\/span><\/span><\/strong><\/h2>\n<p lang=\"zxx\"><span style=\"color: #006e81;\">\u00a0<\/span><\/p>\n<h3 class=\"western\" lang=\"zxx\"><strong><span style=\"color: #535353;\"><span style=\"font-family: Lato;\"><span style=\"font-size: x-large;\"><b>IL TRATTAMENTO DEI TUOI DATI PERSONALI <\/b><\/span><\/span><\/span><\/strong><\/h3>\n<h3 class=\"western\" lang=\"zxx\"><span style=\"color: #535353;\"><span style=\"font-family: Lato;\"><span style=\"font-size: x-large;\"><b><br \/>\n<\/b><\/span><\/span><\/span><strong><span style=\"color: #535353;\"><span style=\"font-family: Lato;\"><span style=\"font-size: x-large;\"><b>CHE COS&#8217;\u00c8 L&#8217;INFORMATIVA SULLA PRIVACY<\/b><\/span><\/span><\/span><\/strong><\/h3>\n<p lang=\"zxx\"><span style=\"color: #006e81;\"><span style=\"font-family: 'Open Sans', sans-serif;\"><span style=\"font-size: small;\">Si tratta di un&#8217;informativa che \u00e8 resa anche ai sensi dell&#8217;art. 13 del d.lgs. n. 196\/2003 &#8211; Codice in materia di protezione dei dati personali a coloro che interagiscono con i servizi web della Bieffe srl., accessibili per via telematica a partire dall&#8217;indirizzo: www.nonsoloalbum.com e connessi corrispondente alla pagina iniziale del sito e-commerce e alla pagina di iscrizione alla newsletter. L&#8217;informativa \u00e8 resa solo per i suddetti siti e non anche per altri siti web eventualmente consultati dall&#8217;utente tramite link. L&#8217;informativa si ispira anche alla Raccomandazione n. 2\/2001 che le autorit\u00e0 europee per la protezione dei dati personali, riunite nel Gruppo istituito dall&#8217;art. 29 della direttiva n. 95\/46\/CE hanno adottato il 17 maggio 2001 per individuare alcuni requisiti minimi per la raccolta di dati personali on-line, e, in particolare, le modalit\u00e0, i tempi e la natura delle informazioni che i titolari del trattamento devono fornire agli utenti quando questi si collegano a pagine web, indipendentemente dagli scopi del collegamento.<\/span><\/span><\/span><\/p>\n<p lang=\"zxx\"><span style=\"color: #006e81;\">\u00a0<\/span><\/p>\n<h3 class=\"western\" lang=\"zxx\"><strong><span style=\"color: #535353;\"><span style=\"font-family: Lato;\"><span style=\"font-size: x-large;\"><b>TITOLARE E RESPONSABILE DEL TRATTAMENTO<\/b><\/span><\/span><\/span><\/strong><\/h3>\n<p lang=\"zxx\"><span style=\"color: #006e81;\"><span style=\"font-family: 'Open Sans', sans-serif;\"><span style=\"font-size: small;\">A seguito della consultazione di questo sito possono essere trattati dati relativi a persone identificate o identificabili. Il responsabile \u00e8 l\u2019Amministratore Delegato, mentre il titolare del trattamento dei dati \u00e8 Bieffe srl \u2013 Via Monte Rosa, 6 \u2013 63821 Porto Sant&#8217; Elpidio (FM) \u2013 P.iva e cod. Fisc. 01714090444<\/span><\/span><\/span><\/p>\n<h3 class=\"western\" lang=\"zxx\"><span style=\"color: #535353;\"><span style=\"font-family: Lato;\"><span style=\"font-size: x-large;\"><b><br \/>\n<\/b><\/span><\/span><\/span><strong><span style=\"color: #535353;\"><span style=\"font-family: Lato;\"><span style=\"font-size: x-large;\"><b>LUOGO DI TRATTAMENTO DEI DATI<\/b><\/span><\/span><\/span><\/strong><\/h3>\n<p lang=\"zxx\"><span style=\"color: #006e81;\"><span style=\"font-family: 'Open Sans', sans-serif;\"><span style=\"font-size: small;\">I trattamenti connessi ai servizi web di questo sito hanno luogo presso la predetta sede della Bieffe srl e sono curati solo da personale tecnico dell&#8217;Ufficio incaricato del trattamento, oppure da eventuali incaricati di occasionali operazioni di\u00a0manutenzione. I dati personali forniti dagli utenti che inoltrano richieste di invio di materiale informativo, di richiesta di accesso all&#8217;area riservata sono utilizzati al solo fine di eseguire il servizio o la prestazione richiesta e sono comunicati a terzi nel solo caso in cui ci\u00f2 sia a tal fine necessario. I dati personali da Lei forniti sono raccolti con modalit\u00e0 telematiche e trattati, anche con l&#8217;ausilio di mezzi elettronici, direttamente e\/o tramite terzi delegati (societ\u00e0 per la postalizzazione, per il data entry&#8230;) per le seguenti finalit\u00e0: &#8211; finalit\u00e0 connesse all&#8217;accesso alle informazioni sulla comunicazione presenti su www.nonsoloalbum.com e siti connessi. In ogni caso i suoi dati non verranno comunicati (se non a societ\u00e0 per la postalizzazione e per il data entry) o venduti a terzi. All&#8217;interno della Bieffe srl i dati potranno essere conosciuti solo da soggetti specificatamente incaricati operanti presso gli uffici amministrativi.<\/span><\/span><\/span><\/p>\n<h3 class=\"western\" lang=\"zxx\"><span style=\"color: #535353;\"><span style=\"font-family: Lato;\"><span style=\"font-size: x-large;\"><b><br \/>\n<\/b><\/span><\/span><\/span><strong><span style=\"color: #535353;\"><span style=\"font-family: Lato;\"><span style=\"font-size: x-large;\"><b>TIPI DI DATI TRATTATI<\/b><\/span><\/span><\/span><\/strong><\/h3>\n<p lang=\"zxx\"><span style=\"color: #006e81;\"><span style=\"font-family: 'Open Sans', sans-serif;\"><span style=\"font-size: small;\">Dati di navigazione<br \/>\nI sistemi informatici e le procedure software preposte al funzionamento di questo sito web acquisiscono, nel corso del loro normale esercizio, alcuni dati personali la cui trasmissione \u00e8 implicita nell&#8217;uso dei protocolli di comunicazione di Internet. Si tratta di informazioni che non sono raccolte per essere associate a interessati identificati, ma che per loro stessa natura potrebbero, attraverso elaborazioni ed associazioni con dati detenuti da terzi, permettere di identificare gli utenti. In questa categoria di dati rientrano gli indirizzi IP o i nomi a dominio dei computer utilizzati dagli utenti che si connettono al sito, gli indirizzi in notazione URI (Uniform Resource Identifier) delle risorse richieste, l&#8217;orario della richiesta, il metodo utilizzato nel sottoporre la richiesta al server, la dimensione del file ottenuto in risposta, il codice numerico indicante lo stato della risposta data dal server (buon fine, errore, ecc.) ed altri parametri relativi al sistema operativo e all&#8217;ambiente informatico dell&#8217;utente. Questi dati vengono utilizzati al solo fine di ricavare informazioni\u00a0statistiche sull&#8217;uso del sito e per controllarne il corretto funzionamento. I dati potrebbero essere utilizzati per l&#8217;accertamento di responsabilit\u00e0 in caso di ipotetici reati informatici ai danni del sito. Dati forniti volontariamente dall&#8217;utente L&#8217;invio facoltativo, esplicito e volontario di posta elettronica agli indirizzi indicati su questo sito comporta la successiva acquisizione dell&#8217;indirizzo del mittente, necessario per rispondere alle richieste, nonch\u00e9 degli eventuali altri dati personali inseriti nella missiva. Specifiche informative di sintesi verranno progressivamente riportate o visualizzate nelle pagine del sito predisposte per particolari servizi a richiesta.<\/span><\/span><\/span><\/p>\n<h3 class=\"western\" lang=\"zxx\"><span style=\"color: #535353;\"><span style=\"font-family: Lato;\"><span style=\"font-size: x-large;\"><b><br \/>\n<\/b><\/span><\/span><\/span><strong><span style=\"color: #535353;\"><span style=\"font-family: Lato;\"><span style=\"font-size: x-large;\"><b>COOKIE<\/b><\/span><\/span><\/span><\/strong><\/h3>\n<p lang=\"zxx\"><span style=\"color: #006e81;\"><span style=\"font-family: 'Open Sans', sans-serif;\"><span style=\"font-size: small;\">Nessun dato personale degli utenti viene in proposito acquisito dal sito. Viene fatto uso di cookie per la trasmissione di informazioni necessarie al funzionamento del sito, possono essere utilizzati c.d. cookie persistenti per l&#8217;utilizzo di funzionalit\u00e0 di login automatiche, ovvero sistemi per il tracciamento degli utenti. L&#8217;uso di c.d. cookie di sessione (che non vengono memorizzati in modo persistente sul computer dell&#8217;utente e svaniscono con la chiusura del browser) \u00e8 limitato alla trasmissione di identificativi di sessione (costituiti da numeri casuali generati dal server) necessari per consentire l&#8217;esplorazione sicura ed efficiente del sito. I c.d. cookie di sessione utilizzati in questo sito evitano il ricorso ad altre tecniche informatiche potenzialmente pregiudizievoli per la riservatezza della navigazione degli utenti e non consentono l&#8217;acquisizione di dati personali identificativi dell&#8217;utente. Bieffe srl collabora con altre societ\u00e0 che collocano cookie o beacon sui nostri siti web. Questi fornitori di servizi contribuiscono al funzionamento dei nostri siti web, ad esempio con la compilazione di misurazioni, analisi anonime relative al sito o per la fornitura di servizi pubblicitari. Tali societ\u00e0 sono obbligate da contratto a utilizzare le informazioni raccolte esclusivamente per tali servizi e non ai loro fini commerciali.<\/span><\/span><\/span><\/p>\n<h3 class=\"western\" lang=\"zxx\"><span style=\"color: #535353;\"><span style=\"font-family: Lato;\"><span style=\"font-size: x-large;\"><b><br \/>\n<\/b><\/span><\/span><\/span><strong><span style=\"color: #535353;\"><span style=\"font-family: Lato;\"><span style=\"font-size: x-large;\"><b>FACOLTATIVITA&#8217; DEL CONFERIMENTO DEI DATI<\/b><\/span><\/span><\/span><\/strong><\/h3>\n<p lang=\"zxx\"><span style=\"color: #006e81;\"><span style=\"font-family: 'Open Sans', sans-serif;\"><span style=\"font-size: small;\">A parte quanto specificato per i dati di navigazione, l&#8217;utente \u00e8 libero di fornire i dati personali alla Bieffe s.r.l. per sollecitare l&#8217;invio di materiale informativo o di altre comunicazioni. Il loro mancato conferimento pu\u00f2 comportare l&#8217;impossibilit\u00e0 di ottenere quanto richiesto.<\/span><\/span><\/span><\/p>\n<h3 class=\"western\" lang=\"zxx\"><span style=\"color: #535353;\"><span style=\"font-family: Lato;\"><span style=\"font-size: x-large;\"><b><br \/>\n<\/b><\/span><\/span><\/span><strong><span style=\"color: #535353;\"><span style=\"font-family: Lato;\"><span style=\"font-size: x-large;\"><b>MODALITA&#8217; DEL TRATTAMENTO<\/b><\/span><\/span><\/span><\/strong><\/h3>\n<p lang=\"zxx\"><span style=\"color: #006e81;\"><span style=\"font-family: 'Open Sans', sans-serif;\"><span style=\"font-size: small;\">I dati personali sono trattati con strumenti automatizzati per il tempo strettamente necessario a conseguire gli scopi per cui sono stati raccolti. Specifiche misure di sicurezza sono osservate per prevenire la perdita dei dati, usi illeciti o non corretti ed accessi non autorizzati.<\/span><\/span><\/span><\/p>\n<h3 class=\"western\" lang=\"zxx\"><span style=\"color: #535353;\"><span style=\"font-family: Lato;\"><span style=\"font-size: x-large;\"><b><br \/>\n<\/b><\/span><\/span><\/span><strong><span style=\"color: #535353;\"><span style=\"font-family: Lato;\"><span style=\"font-size: x-large;\"><b>DIRITTI DEGLI INTERESSATI<\/b><\/span><\/span><\/span><\/strong><\/h3>\n<p style=\"color: #006e81; font-family: 'Open Sans', sans-serif; font-size: small;\">Ai sensi del Regolamento europeo 679\/2016 (GDPR) e della normativa nazionale, l&#8217;Utente pu\u00f2, secondo le modalit\u00e0 e nei limiti previsti dalla vigente normativa, esercitare i seguenti diritti:<br \/>\n&#8211; richiedere la conferma dell&#8217;esistenza di dati personali che lo riguardano (diritto di accesso);<br \/>\n&#8211; conoscerne l&#8217;origine;<br \/>\n&#8211; riceverne comunicazione intelligibile;<br \/>\n&#8211; avere informazioni circa la logica, le modalit\u00e0 e le finalit\u00e0 del trattamento;<br \/>\n&#8211; richiederne l&#8217;aggiornamento, la rettifica, l&#8217;integrazione, la cancellazione, la trasformazione in forma anonima, il blocco dei dati trattati in violazione di legge, ivi compresi quelli non pi\u00f9 necessari al perseguimento degli scopi per i quali sono stati raccolti;<br \/>\n&#8211; nei casi di trattamento basato su consenso, ricevere al solo costo dell\u2019eventuale supporto, i suoi dati forniti al titolare, in forma strutturata e leggibile da un elaboratore di dati e in un formato comunemente usato da un dispositivo elettronico;<br \/>\n&#8211; il diritto di presentare un reclamo all\u2019Autorit\u00e0 di controllo (Garante Privacy \u2013 <a href=\"https:\/\/www.garanteprivacy.it\/web\/guest\/home\/docweb\/-\/docweb-display\/docweb\/4535524\">link alla pagina del Garante<\/a>);<br \/>\n&#8211; nonch\u00e9, pi\u00f9 in generale, esercitare tutti i diritti che gli sono riconosciuti dalle vigenti disposizioni di legge.<br \/>\nLe richieste vanno rivolte al Titolare del trattamento.<\/p>\n<p style=\"color: #006e81; font-family: 'Open Sans', sans-serif; font-size: small;\">Nel caso in cui i dati siano trattati in base ai legittimi interessi sono comunque garantiti i diritti degli interessati al trattamento (tranne il diritto alla portabilit\u00e0 che non \u00e8 previsto dalle norme), in particolare il diritto di opposizione al trattamento che pu\u00f2 essere esercitato inviando una richiesta al titolare del trattamento.<\/p>\n<p lang=\"zxx\">\n","protected":false},"excerpt":{"rendered":"<p>POLITICA DI PRIVACY \u00a0 IL TRATTAMENTO DEI TUOI DATI PERSONALI CHE COS&#8217;\u00c8 L&#8217;INFORMATIVA SULLA PRIVACY Si tratta di un&#8217;informativa che \u00e8 resa anche ai sensi dell&#8217;art. 13 del d.lgs. n. 196\/2003 &#8211; Codice in materia di protezione dei dati personali a coloro che interagiscono con i servizi web della Bieffe srl., accessibili per via telematica [&hellip;]<\/p>\n","protected":false},"author":1,"featured_media":0,"parent":0,"menu_order":0,"comment_status":"closed","ping_status":"closed","template":"","meta":[],"_links":{"self":[{"href":"https:\/\/legatoriabieffe.it\/site\/wp-json\/wp\/v2\/pages\/1215"}],"collection":[{"href":"https:\/\/legatoriabieffe.it\/site\/wp-json\/wp\/v2\/pages"}],"about":[{"href":"https:\/\/legatoriabieffe.it\/site\/wp-json\/wp\/v2\/types\/page"}],"author":[{"embeddable":true,"href":"https:\/\/legatoriabieffe.it\/site\/wp-json\/wp\/v2\/users\/1"}],"replies":[{"embeddable":true,"href":"https:\/\/legatoriabieffe.it\/site\/wp-json\/wp\/v2\/comments?post=1215"}],"version-history":[{"count":4,"href":"https:\/\/legatoriabieffe.it\/site\/wp-json\/wp\/v2\/pages\/1215\/revisions"}],"predecessor-version":[{"id":2027,"href":"https:\/\/legatoriabieffe.it\/site\/wp-json\/wp\/v2\/pages\/1215\/revisions\/2027"}],"wp:attachment":[{"href":"https:\/\/legatoriabieffe.it\/site\/wp-json\/wp\/v2\/media?parent=1215"}],"curies":[{"name":"wp","href":"https:\/\/api.w.org\/{rel}","templated":true}]}}