{"id":1211,"date":"2016-04-22T09:01:24","date_gmt":"2016-04-22T07:01:24","guid":{"rendered":"http:\/\/nonsoloalbum.com\/site\/?page_id=1211"},"modified":"2018-07-27T15:32:55","modified_gmt":"2018-07-27T13:32:55","slug":"condizioni-generali","status":"publish","type":"page","link":"https:\/\/legatoriabieffe.it\/site\/it\/condizioni-generali\/","title":{"rendered":"Condizioni generali"},"content":{"rendered":"<p><strong>CONDIZIONI GENERALI<\/strong><\/p>\n<p><strong>(ai sensi del Capo I, titolo 3, parte 3, del d.lgs 206\/2005 e successive modifiche e integrazioni)<\/strong><\/p>\n<ol>\n<li><strong> PREMESSA ED EFFICACIA DELLE CONDIZIONI GENERALI<\/strong><\/li>\n<\/ol>\n<p>Le presenti condizioni generali di vendita (in seguito, \u201c<strong>Condizioni Generali<\/strong>\u201c) hanno per oggetto la disciplina dell\u2019acquisto dei prodotti, effettuato a distanza e resi disponibili, tramite rete internet, dal sito\u00a0<a href=\"http:\/\/www.nonsoloalbum.com\">www.nonsoloalbum.com<\/a> (nel seguito, il \u201c<strong>Sito\u201d<\/strong>) nel rispetto della normativa italiana di cui al d.lgs 206\/2005 e successive modifiche e integrazioni (in seguito, \u201c<strong>Codice del Consumo<\/strong>\u201d).<\/p>\n<p>Il venditore dei prodotti e titolare del Sito \u00e8: Bieffe\u00a0S.r.l. con sede legale in via Monte\u00a0Rosa, 6 \u2013\u00a063821 Porto sant\u2019Elpidio (FM) \u2013 C.F.\/P.iva 01714090444<\/p>\n<p>Il consumatore che accede al Sito per effettuare acquisti (di seguito \u201c<strong>Cliente<\/strong>\u201d) \u00e8 tenuto, prima dell\u2019invio dell\u2019ordine, a leggere attentamente le presenti Condizioni Generali che sono state messe a sua disposizione sul Sito e che saranno consultabili in ogni momento dal Cliente anche attraverso il link contenuto nell\u2019email di conferma di ogni ordine per consentirgliene la riproduzione e la memorizzazione.<\/p>\n<p>I contratti conclusi con Bieffe s.r.l. attraverso il Sito sono\u00a0regolati dalle presenti Condizioni Generali nel rispetto della normativa italiana. La lingua a disposizione per concludere il contratto \u00e8 l\u2019italiano.<\/p>\n<p>&nbsp;<\/p>\n<ol start=\"2\">\n<li><strong> SCEGLIERE E ORDINARE I PRODOTTI<\/strong><\/li>\n<\/ol>\n<p>Le caratteristiche e il prezzo dei vari prodotti in vendita sul Sito (di seguito \u201c<strong>Prodotto<\/strong>\u201d o \u201c<strong>Prodotti<\/strong>\u201d) sono riportati nella pagina relativa a ciascun Prodotto.<\/p>\n<p>Per l\u2019acquisto dei Prodotti il Cliente dovr\u00e0 compilare e inviare il modulo d\u2019ordine in formato elettronico, seguendo le istruzioni contenute nel Sito. Il Cliente dovr\u00e0 aggiungere il Prodotto al \u201cCarrello\u201d e, dopo aver preso visione delle Condizioni Generali e della Politica di Privacy e confermato la loro accettazione, dovr\u00e0 inserire i dati di spedizione e eventuale fatturazione, selezionare la modalit\u00e0 di pagamento desiderata e confermare l\u2019ordine.<\/p>\n<p>Con l\u2019invio dell\u2019ordine dal Sito, che ha valore di proposta contrattuale, il Cliente riconosce e dichiara di aver preso visione di tutte le indicazioni fornitegli durante la procedura d\u2019acquisto e di accettare integralmente le presenti Condizioni Generali e di pagamento trascritte.<\/p>\n<p>Il contratto stipulato tra Bieffe s.r.l. e il Cliente deve intendersi concluso con l\u2019accettazione dell\u2019ordine da parte della Bieffe s.r.l.. Tale accettazione viene comunicata al Cliente attraverso un\u2019email di conferma dell\u2019ordine stesso contenente un rinvio alle presenti Condizioni Generali, il numero d\u2019ordine, i dati di spedizione e fatturazione, l\u2019elenco dei Prodotti ordinati con le loro caratteristiche essenziali e il prezzo complessivo, incluse le spese di consegna. Il Cliente controller\u00e0 l\u2019email di conferma e qualora individui degli errori nell\u2019ordine avr\u00e0 12 ore di tempo dalla ricezione di tale email per contattare il Servizio Clienti direttamente dal Sito utilizzando l\u2019apposito form di contatto accessibile tramite il link \u201cContattaci\u201d. Trascorso tale termine l\u2019ordine verr\u00e0 messo in lavorazione per la spedizione e non saranno pi\u00f9 accettate modifiche, senza pregiudizio per i diritti del Cliente di cui al successivo articolo 7.<\/p>\n<p>Una volta ricevuto l\u2019ordine, Bieffe s.r.l. verificher\u00e0 la disponibilit\u00e0 degli stock per l\u2019evasione dell\u2019ordine stesso. Nel caso in cui uno o pi\u00f9 Prodotti non risultassero disponibili, il Servizio Clienti Bieffe s.r.l. invier\u00e0 tempestiva comunicazione via email al Cliente il quale, entro le successive 12 ore, avr\u00e0 facolt\u00e0 di rispondere per confermare la spedizione degli eventuali ulteriori Prodotti disponibili o annullarla. In caso di mancata risposta entro tale termine, l\u2019ordine verr\u00e0 considerato confermato e i Prodotti disponibili saranno messi in spedizione. In tal caso l\u2019intero importo relativo ai Prodotti mancanti verr\u00e0 stornato o comunque, a seconda del metodo di pagamento prescelto, non sar\u00e0 addebitato al Cliente.<\/p>\n<p>&nbsp;<\/p>\n<ol start=\"3\">\n<li><strong> INFORMAZIONI SUI PRODOTTI<\/strong><\/li>\n<\/ol>\n<p>Le informazioni e le caratteristiche relative ai Prodotti sono disponibili, con i relativi codici di Prodotto, sul Sito.<\/p>\n<p>La rappresentazione visiva dei Prodotti sul Sito, ove disponibile, corrisponde normalmente all\u2019immagine fotografica a corredo della scheda descrittiva. Resta inteso che l\u2019immagine dei Prodotti stessi ha il solo scopo di presentarli per la vendita e pu\u00f2 non essere perfettamente rappresentativa delle sue caratteristiche e qualit\u00e0 ma potr\u00e0 differire per colore e dimensioni. In caso di differenza tra l\u2019immagine e la scheda prodotto scritta, fa sempre fede la descrizione della scheda prodotto.<\/p>\n<p>&nbsp;<\/p>\n<ol start=\"4\">\n<li><strong> PREZZI E SPEDIZIONI<\/strong><\/li>\n<\/ol>\n<p>I prezzi dei prodotti sono comprensivi di tutte le tasse e imposte<strong>.\u00a0<\/strong>Tutti i prezzi sono espressi in Euro.<\/p>\n<ul>\n<li><strong>Spedizioni in Italia<\/strong>:<\/li>\n<\/ul>\n<p>In tutta Italia la spedizione \u00e8 gratuita per ordini di importo superiore a \u20ac 50,00, altrimenti sar\u00e0 addebbitato un importo di \u20ac 5,00.<\/p>\n<ul>\n<li><strong>Spedizioni all\u2019Estero<\/strong>:<\/li>\n<\/ul>\n<p>PEr le spedizioni estere verr\u00e0 addebitato\u00a0un importo<strong>\u00a0variabile in base al paese di destinazione.<\/strong><\/p>\n<ol start=\"5\">\n<li><strong> MODALIT\u00c0 DI PAGAMENTO E FATTURAZIONE<\/strong><\/li>\n<\/ol>\n<p><strong>5.1 METODI DI PAGAMENTO<\/strong><\/p>\n<p>Il Cliente potr\u00e0 effettuare il pagamento del prezzo dei Prodotti e delle relative spese di consegna mediante\u00a0Carta di credito,\u00a0bonifico bancario, carte prepagate.<\/p>\n<ul>\n<li><strong>Carta di Credito tramite Paypal<\/strong><\/li>\n<\/ul>\n<p>I circuiti sui quali \u00e8 possibile acquistare all\u2019interno del Sito sono:<br \/>\n\u2013 tutte le carte di credito accettate da Paypal<br \/>\nPer garantire la massima sicurezza, il Cliente effettuer\u00e0 la transazione di pagamento direttamente sul server sicuro di Paypal.<\/p>\n<p>Il Sito non memorizza il numero della carta di credito del Cliente. Paypal utilizza il protocollo SSL per crittografare i dati trasmessi tra il suo server ed il browser del Cliente.<\/p>\n<ul>\n<li><strong>Bonifico bancario<\/strong><\/li>\n<\/ul>\n<p>Il Cliente dovr\u00e0 effettuare il bonifico\u00a0entro 3 giorni dalla data dell\u2019ordine. In caso ci\u00f2 non si verificasse l\u2019ordine verr\u00e0 annullato e la merce messa nuovamente a disposizione per l\u2019acquisto da parte di altri Clienti. Il Cliente che non abbia provveduto ad effettuare il bonifico potr\u00e0 venire contattato dal Servizio Clienti al fine di chiarire se la causa del mancato accredito sia da imputarsi alla volont\u00e0 del Cliente di non confermare l\u2019acquisto o ad altre cause.<\/p>\n<p>Dati per il bonifico: C\/C : BIEFFE SRL \u2013 Iban IT 57 B 01030 6972 0000061213394 \u2013 Banca: Monte dei Paschi di Siena \u2013 fil. Sant\u2019Elpidio a Mare (FM)<br \/>\nCausale: il Cliente dovr\u00e0 indicare nella causale del bonifico il numero di ordine, reperibile nell\u2019email di conferma (es. \u201cOrdine DFVGGNHS\u201d).<\/p>\n<p><strong>5.2 FATTURAZIONE DEGLI ORDINI<\/strong><\/p>\n<p>Al momento della conferma dell\u2019avvenuto pagamento, verr\u00e0 inviata via email all\u2019indirizzo indicato la fattura. Una copia della fattura accompagner\u00e0 inoltre la merce.<\/p>\n<ol start=\"6\">\n<li><strong> TRASPORTO E CONSEGNA<\/strong><\/li>\n<\/ol>\n<p>I Prodotti acquistati sul Sito verranno consegnati all\u2019indirizzo indicato dal Cliente durante la procedura d\u2019acquisto nell\u2019apposito campo \u201cIndirizzo di Spedizione\u201d.<\/p>\n<p>Tutti gli acquisti verranno consegnati mediante corriere espresso (di seguito, \u201c<strong>Corriere<\/strong>\u201c) dal luned\u00ec al venerd\u00ec, esclusi festivi e feste nazionali.\u00a0Bieffe\u00a0s.r.l. non \u00e8 responsabile per ritardi non prevedibili o non imputabili ad essa.<\/p>\n<p>Una volta spediti i Prodotti il Cliente ricever\u00e0 un\u2019email di conferma in cui sar\u00e0 incluso un link a cui fare riferimento per il tracciamento della spedizione.<\/p>\n<p>In ogni caso, salvo in casi di forza maggiore o caso fortuito, i Prodotti ordinati saranno consegnati entro un termine di 7 (sette) giorni lavorativi a decorrere dal giorno successivo a quello in cui la Bieffe srl . ha confermato l\u2019ordine al Cliente tramite apposita email di conferma d\u2019ordine.<\/p>\n<ul>\n<li><strong>Servizi di consegna attivi in Italia: GLS<\/strong><\/li>\n<\/ul>\n<p>Il servizio prevede 2 tentativi di consegna presso l\u2019indirizzo indicato al momento dell\u2019ordine. Dopo il secondo tentativo di consegna andato a vuoto, il pacco rester\u00e0 in giacenza presso il Corriere. Il Cliente potr\u00e0 contattare direttamente il Corriere per concordare la consegna o per modificare l\u2019indirizzo della stessa.<\/p>\n<ol start=\"7\">\n<li><strong> DIRITTO DI RECESSO<\/strong><\/li>\n<\/ol>\n<p>Il Cliente ha diritto di recedere dal contratto di acquisto, senza necessit\u00e0 di fornire spiegazioni e senza alcuna penalit\u00e0,\u00a0fatti salvi i casi di esclusione previsti al successivo punto IV. Per esercitare tale diritto, il Cliente dovr\u00e0 inviare alla Bieffe s.r.l. una comunicazione entro 14\u00a0giorni dalla data di ricevimento dei Prodotti utilizzando la procedura di reso presente sul Sito.<\/p>\n<p>Il Servizio Clienti della Bieffe s.r.l. provveder\u00e0, una volta ricevuta la richiesta di reso, ad aprire una pratica per la gestione del reso e a comunicare al Cliente le istruzioni sulla modalit\u00e0 di restituzione dei Prodotti, che avverr\u00e0 tramite corriere indicato dalla Bieffe s.r.l. stessa.<\/p>\n<p>Il diritto di recesso \u00e8 disciplinato dalle seguenti condizioni:<\/p>\n<ol>\n<li>Il diritto si applica al Prodotto acquistato nella sua interezza; pertanto qualora il Prodotto sia composto da pi\u00f9 componenti o parti non \u00e8 possibile esercitare il recesso solamente su parte del Prodotto acquistato.<\/li>\n<li>In caso di esercizio del diritto di recesso la Bieffe s.r.l. rimborser\u00e0 al cliente l\u2019intero importo della merce resa, incluse le spese di spedizione ove previste, entro 30 giorni dalla data in cui \u00e8 stata ricevuta la comunicazione di recesso, fermo restando il diritto della Bieffe s.r.l. di sospendere il pagamento del rimborso fino all\u2019effettivo ricevimento dei beni. Il rimborso avverr\u00e0 utilizzando lo stesso metodo di pagamento usato dal Cliente, salvo che questi non abbia espressamente richiesto una diversa modalit\u00e0. In caso di bonifico sar\u00e0 cura del Cliente fornire le coordinate bancarie sulle quali ottenere il rimborso (intestatario del conto, nome e indirizzo della Banca e IBAN).<\/li>\n<\/ol>\n<p>III. Anche al fine di poter garantire la gratuit\u00e0 della restituzione ai sensi del successivo articolo 8, i Prodotti devono essere restituiti nella stessa scatola in cui sono stati ricevuti.<\/p>\n<ol>\n<li>Oltre ai casi indicati in Premessa (cliente non consumatore e\/o che richiede la fattura), il diritto di recesso \u00e8 escluso nei seguenti casi, ai sensi dell\u2019art. 59 d.lgs 21\/2014:<\/li>\n<\/ol>\n<p>\u2013 ordine di Prodotti confezionati su misura o chiaramente personalizzati;<\/p>\n<p>\u2013 ordine di Prodotti che rischiano di deteriorarsi o scadere rapidamente;<\/p>\n<p>\u2013 ordine di Prodotti sigillati che non si prestano ad essere restituiti per motivi igienici o connessi alla protezione della salute o che sono stati aperti dopo la consegna.<\/p>\n<p>Nei casi di esclusione del diritto di recesso, Bieffe s.r.l. provveder\u00e0 a restituire al Cliente i Prodotti acquistati, addebitando allo stesso le spese di spedizione.<\/p>\n<p>&nbsp;<\/p>\n<ol start=\"8\">\n<li><strong> RESO GRATUITO IN CASO DI ESERCIZIO DEL DIRITTO DI RECESSO<\/strong><\/li>\n<\/ol>\n<p>Quale condizione di maggior favore per il Cliente, Bieffe s.r.l. mantiene integralmente a proprio carico i costi di spedizione per la restituzione dei Prodotti in caso di esercizio del diritto di recesso (solo per effettuati e con spedizione in Italia).<\/p>\n<p>Al fine di beneficiare di tale spedizione gratuita, Il Cliente che intenda esercitare il diritto di recesso dovr\u00e0 attenersi alla procedura indicata al precedente articolo 7 e attendere di essere contattato dalla Bieffe s.r.l. \u00a0per concordare la riconsegna dei Prodotti al corriere.<\/p>\n<p><strong>\u00a0<\/strong><\/p>\n<ol start=\"9\">\n<li><strong> GARANZIA E DIFETTI DI CONFORMIT\u00c0<\/strong><\/li>\n<\/ol>\n<p>In caso di difetti di conformit\u00e0 di Prodotti venduti dalla Bieffe s.r.l. il Cliente dovr\u00e0 contattare immediatamente il Servizio Clienti utilizzando l\u2019apposito form di contatto accessibile sul Sito tramite il link \u201cContattaci\u201d.<\/p>\n<p>Alla vendita dei Prodotti si applicano le garanzie legali previste dagli articoli 129, 130 e 132 del Codice del Consumo. Il Cliente ha diritto, a sua scelta e a condizione che la tipologia del Prodotto lo consenta, al ripristino, senza spese, della conformit\u00e0 del Prodotto mediante riparazione o sostituzione, oppure ad una adeguata riduzione del prezzo o alla risoluzione del contratto. Il Cliente decade da tali diritti se non denuncia alla Bieffe s.r.l. il difetto di conformit\u00e0 entro il termine di due mesi dalla data in cui ha scoperto il difetto, sempre che non si tratti di Prodotto che per sua natura \u00e8 deperibile o soggetto a scadenza in un termine pi\u00f9 breve, nel qual caso il difetto dovr\u00e0 essere denunciato entro tale termine ridotto.<\/p>\n<p>&nbsp;<\/p>\n<ol start=\"10\">\n<li><strong> ERRORI E LIMITAZIONI DI RESPONSABILIT\u00c0<\/strong><\/li>\n<\/ol>\n<p>Le informazioni relative ai Prodotti fornite attraverso il Sito sono costantemente aggiornate. Non \u00e8 tuttavia possibile garantire la completa assenza di errori dei quali pertanto la Bieffe s.r.l. non potr\u00e0 considerarsi responsabile, salvo in caso di dolo o colpa grave.<\/p>\n<p>La Bieffe s.r.l. si riserva il diritto di correggere gli errori, le inesattezze o le omissioni anche dopo che sia stato inviato un ordine, oppure di modificare o aggiornare le informazioni in qualsiasi momento senza preventiva comunicazione, fermi restando i diritti del Cliente ai sensi delle presenti Condizioni Generali e del Codice del Consumo.<\/p>\n<p>Salvo dolo o colpa grave, viene escluso ogni diritto del Cliente al risarcimento di danni o al riconoscimento di un indennizzo, nonch\u00e9 qualsiasi responsabilit\u00e0 contrattuale o extracontrattuale per danni diretti o indiretti a persone e\/o cose, provocati dalla mancata accettazione o evasione, anche parziale, di un ordine.<\/p>\n<p>&nbsp;<\/p>\n<ol start=\"11\">\n<li><strong> RECLAMI\u00a0<\/strong><\/li>\n<\/ol>\n<p>Ogni eventuale reclamo dovr\u00e0 essere inoltrato alla Bieffe s.r.l. utilizzando l\u2019apposito form di contatto accessibile direttamente sul Sito tramite il link \u201cContattaci\u201d, oppure telefonando al +39 0734995021\u00a0(lun \u2013 ven 9,00\/12,00 \u2013 15,00\/18,00, esclusi giorni festivi)<\/p>\n<p>La Bieffe s.r.l. si impegna a rispondere a tutte le richieste pervenute entro un massimo di 7gg lavorativi.<\/p>\n<ol start=\"12\">\n<li><strong> LEGGE APPLICABILE E FORO COMPETENTE<\/strong><\/li>\n<\/ol>\n<p>Il contratto di vendita tra il Cliente e Bieffe s.r.l. s\u2019intende concluso in Italia e regolato dalla Legge Italiana. Per la soluzione di controversie relative all\u2019interpretazione, esecuzione o risoluzione delle presenti Condizioni Generali o di singoli ordini di acquisto se il Cliente \u00e8 un consumatore ai sensi del Codice del Consumo, sar\u00e0 competente in via esclusiva il foro del suo comune di residenza o di domicilio se ubicato nel territorio italiano; in tutti gli altri casi, la competenza territoriale \u00e8 esclusivamente quella del Foro di Fermo, ogni eventuale altro foro competente escluso.<\/p>\n<p>***<\/p>\n<p>Ai sensi dell\u2019articolo 1341 c.c. il Cliente dichiara di aver letto e di accettare specificamente i seguenti articoli delle presenti Condizioni Generali: 6 (responsabilit\u00e0 per ritardi nella consegna), 10 (facolt\u00e0 di correggere errori \u2013 esclusioni di responsabilit\u00e0).<\/p>\n","protected":false},"excerpt":{"rendered":"<p>CONDIZIONI GENERALI (ai sensi del Capo I, titolo 3, parte 3, del d.lgs 206\/2005 e successive modifiche e integrazioni) PREMESSA ED EFFICACIA DELLE CONDIZIONI GENERALI Le presenti condizioni generali di vendita (in seguito, \u201cCondizioni Generali\u201c) hanno per oggetto la disciplina dell\u2019acquisto dei prodotti, effettuato a distanza e resi disponibili, tramite rete internet, dal sito\u00a0www.nonsoloalbum.com (nel [&hellip;]<\/p>\n","protected":false},"author":1,"featured_media":0,"parent":0,"menu_order":0,"comment_status":"closed","ping_status":"closed","template":"","meta":[],"_links":{"self":[{"href":"https:\/\/legatoriabieffe.it\/site\/wp-json\/wp\/v2\/pages\/1211"}],"collection":[{"href":"https:\/\/legatoriabieffe.it\/site\/wp-json\/wp\/v2\/pages"}],"about":[{"href":"https:\/\/legatoriabieffe.it\/site\/wp-json\/wp\/v2\/types\/page"}],"author":[{"embeddable":true,"href":"https:\/\/legatoriabieffe.it\/site\/wp-json\/wp\/v2\/users\/1"}],"replies":[{"embeddable":true,"href":"https:\/\/legatoriabieffe.it\/site\/wp-json\/wp\/v2\/comments?post=1211"}],"version-history":[{"count":4,"href":"https:\/\/legatoriabieffe.it\/site\/wp-json\/wp\/v2\/pages\/1211\/revisions"}],"predecessor-version":[{"id":2042,"href":"https:\/\/legatoriabieffe.it\/site\/wp-json\/wp\/v2\/pages\/1211\/revisions\/2042"}],"wp:attachment":[{"href":"https:\/\/legatoriabieffe.it\/site\/wp-json\/wp\/v2\/media?parent=1211"}],"curies":[{"name":"wp","href":"https:\/\/api.w.org\/{rel}","templated":true}]}}